{"id":7806,"date":"2025-01-20T17:46:49","date_gmt":"2025-01-20T17:46:49","guid":{"rendered":"https:\/\/limousineservices.be\/?page_id=7806"},"modified":"2026-04-18T11:33:27","modified_gmt":"2026-04-18T11:33:27","slug":"airport-transfers-in-belgium-with-limousine","status":"publish","type":"page","link":"https:\/\/limousineservices.be\/fr\/airport-transfers-in-belgium-with-limousine\/","title":{"rendered":"Airport Transfers in Belgium with Limousine"},"content":{"rendered":"<div data-elementor-type=\"wp-page\" data-elementor-id=\"7806\" class=\"elementor elementor-7806\">\n\t\t\t\t<div class=\"elementor-element elementor-element-623b1a5 e-flex e-con-boxed e-con e-parent\" data-id=\"623b1a5\" data-element_type=\"container\" data-settings=\"{&quot;background_background&quot;:&quot;gradient&quot;}\">\n\t\t\t\t\t<div class=\"e-con-inner\">\n\t\t\t\t<div class=\"elementor-element elementor-element-5a63e8b elementor-widget elementor-widget-heading\" data-id=\"5a63e8b\" data-element_type=\"widget\" data-widget_type=\"heading.default\">\n\t\t\t\t<div class=\"elementor-widget-container\">\n\t\t\t\t\t<h2 class=\"elementor-heading-title elementor-size-default\">Brussels Airport Transfer - Zaventem &amp; Brussels  South Charleroi Airport<\/h2>\t\t\t\t<\/div>\n\t\t\t\t<\/div>\n\t\t\t\t\t<\/div>\n\t\t\t\t<\/div>\n\t\t<div class=\"elementor-element elementor-element-babeecf e-flex e-con-boxed e-con e-parent\" data-id=\"babeecf\" data-element_type=\"container\" data-settings=\"{&quot;background_background&quot;:&quot;classic&quot;}\">\n\t\t\t\t\t<div class=\"e-con-inner\">\n\t\t\t\t<div class=\"elementor-element elementor-element-f67ee33 elementor-widget elementor-widget-html\" data-id=\"f67ee33\" data-element_type=\"widget\" data-widget_type=\"html.default\">\n\t\t\t\t<div class=\"elementor-widget-container\">\n\t\t\t\t\t<script src=\"https:\/\/app.farebookings.com\/iframe-resizer\/iframeResizer.min.js\"><\/script><iframe id='myIframe' src=\"https:\/\/app.farebookings.com\/step1ssl.php?k=73b562994cdd22a99d3afbdd544e6298&s=f&d=pp&lng=fr\" width=\"100%\" height=\"1400px\" frameborder=\"0\" scrolling=\"no\"><\/iframe><script>iFrameResize({ log: true }, '#myIframe')<\/script>\t\t\t\t<\/div>\n\t\t\t\t<\/div>\n\t\t\t\t\t<\/div>\n\t\t\t\t<\/div>\n\t\t<div class=\"elementor-element elementor-element-58a8393 e-flex e-con-boxed e-con e-parent\" data-id=\"58a8393\" data-element_type=\"container\" data-settings=\"{&quot;background_background&quot;:&quot;classic&quot;}\">\n\t\t\t\t\t<div class=\"e-con-inner\">\n\t\t<div class=\"elementor-element elementor-element-b4c2dd4 e-con-full e-flex e-con e-child\" data-id=\"b4c2dd4\" data-element_type=\"container\">\n\t\t\t\t<div class=\"elementor-element elementor-element-7590170 elementor-widget elementor-widget-text-editor\" data-id=\"7590170\" data-element_type=\"widget\" data-widget_type=\"text-editor.default\">\n\t\t\t\t<div class=\"elementor-widget-container\">\n\t\t\t\t\t\t\t\t\t<p>Chez Limousine Services Belgium, nous comprenons que les transferts a\u00e9roportuaires exigent ponctualit\u00e9, fiabilit\u00e9 et confort. C&#039;est pourquoi nous proposons un service de transfert a\u00e9roport haut de gamme, con\u00e7u pour r\u00e9pondre aux plus hauts standards de confort et de luxe. Que vous voyagiez pour affaires ou pour le plaisir, notre flotte et nos chauffeurs sont l\u00e0 pour rendre votre voyage agr\u00e9able et fluide.\n<br>\nPonctualit\u00e9\u00a0: Nous suivons votre horaire de vol en temps r\u00e9el et garantissons que votre chauffeur sera l\u00e0 pour vous accueillir, m\u00eame en cas de retard. Dites adieu aux attentes inutiles et profitez de transferts a\u00e9roport sans stress.<br><br>\nVoyage de luxe\u00a0: Notre flotte de v\u00e9hicules haut de gamme, comprenant des Mercedes-Maybach, des Classe S, des Classe E et des Tesla, vous garantit un trajet confortable et \u00e9l\u00e9gant depuis et vers l&#039;a\u00e9roport. Int\u00e9rieurs spacieux, \u00e9quipements haut de gamme et conduite tout confort font de chaque trajet une exp\u00e9rience haut de gamme.<br><br>\nService d&#039;accueil : Nos chauffeurs professionnels vous accueilleront au terminal, vous assisteront avec vos bagages et veilleront \u00e0 ce que vous vous sentiez accueilli et pris en charge d\u00e8s votre arriv\u00e9e. Cette attention personnalis\u00e9e fait la diff\u00e9rence de notre service.<br><br>\nOptions personnalis\u00e9es\u00a0: Que vous ayez besoin d&#039;un v\u00e9hicule pour un voyage en solo, des vacances en famille ou un groupe d&#039;entreprise, nous avons la solution id\u00e9ale dans notre flotte. Profitez d&#039;une exp\u00e9rience sur mesure adapt\u00e9e \u00e0 vos besoins et pr\u00e9f\u00e9rences.<br><br>\nOptions \u00e9lectriques durables\u00a0: Choisissez nos v\u00e9hicules \u00e9lectriques Tesla pour un transfert a\u00e9roportuaire \u00e9cologique. Voyagez sans \u00e9missions tout en profitant d&#039;un luxe et d&#039;un confort de pointe.<br><br>\nCommodit\u00e9 de classe affaires : pour les voyageurs d&#039;affaires, nos v\u00e9hicules offrent des fonctionnalit\u00e9s \u00e0 bord telles que le Wi-Fi, des prises de courant et la confidentialit\u00e9, vous permettant de rester productif lors de vos d\u00e9placements.<br><\/p>\t\t\t\t\t\t\t\t<\/div>\n\t\t\t\t<\/div>\n\t\t\t\t<\/div>\n\t\t<div class=\"elementor-element elementor-element-89ff9cc e-con-full e-flex e-con e-child\" data-id=\"89ff9cc\" data-element_type=\"container\">\n\t\t\t\t<div class=\"elementor-element elementor-element-139f5f0 elementor-widget elementor-widget-image\" data-id=\"139f5f0\" data-element_type=\"widget\" data-widget_type=\"image.default\">\n\t\t\t\t<div class=\"elementor-widget-container\">\n\t\t\t\t\t\t\t\t\t\t\t\t\t\t\t<img decoding=\"async\" src=\"https:\/\/limousineservices.be\/wp-content\/uploads\/2025\/01\/WhatsApp-Image-2025-01-02-at-14.36.02-1.jpeg\" title=\"Mayback \u2013 Transfert a\u00e9roport en Belgique\" alt=\"Mayback - Airport Transfer in Belgium\" loading=\"lazy\" \/>\t\t\t\t\t\t\t\t\t\t\t\t\t\t\t<\/div>\n\t\t\t\t<\/div>\n\t\t\t\t<\/div>\n\t\t\t\t\t<\/div>\n\t\t\t\t<\/div>\n\t\t<div class=\"elementor-element elementor-element-7d6b7038 e-con-full elementor-hidden-tablet elementor-hidden-mobile e-flex e-con e-parent\" data-id=\"7d6b7038\" data-element_type=\"container\" data-settings=\"{&quot;background_background&quot;:&quot;classic&quot;}\">\n\t\t<div class=\"elementor-element elementor-element-7c97b3f3 e-flex e-con-boxed e-con e-child\" data-id=\"7c97b3f3\" data-element_type=\"container\">\n\t\t\t\t\t<div class=\"e-con-inner\">\n\t\t\t\t<div class=\"elementor-element elementor-element-51222165 elementor-invisible elementor-widget elementor-widget-luxride-title-v1\" data-id=\"51222165\" data-element_type=\"widget\" data-settings=\"{&quot;_animation&quot;:&quot;fadeInUp&quot;}\" data-widget_type=\"luxride-title-v1.default\">\n\t\t\t\t<div class=\"elementor-widget-container\">\n\t\t\t\t\t \r\n<div class=\"title_all_box style_one dark_color\">\r\n                <h2 class=\"font-44 mb_15\">Pourquoi choisir nos transferts a\u00e9roport ?<\/h2>\r\n        <\/div>\r\n\t\t\t\t<\/div>\n\t\t\t\t<\/div>\n\t\t\t\t\t<\/div>\n\t\t\t\t<\/div>\n\t\t<div class=\"elementor-element elementor-element-b389bb9 e-flex e-con-boxed e-con e-child\" data-id=\"b389bb9\" data-element_type=\"container\" data-settings=\"{&quot;background_background&quot;:&quot;classic&quot;}\">\n\t\t\t\t\t<div class=\"e-con-inner\">\n\t\t\t\t<div class=\"elementor-element elementor-element-20a38cd5 elementor-invisible elementor-widget elementor-widget-luxride-tab-with-content-v1\" data-id=\"20a38cd5\" data-element_type=\"widget\" data-settings=\"{&quot;_animation&quot;:&quot;fadeInUp&quot;}\" data-widget_type=\"luxride-tab-with-content-v1.default\">\n\t\t\t\t<div class=\"elementor-widget-container\">\n\t\t\t\t\t <section class=\"tabwithcontent style_one version_white row_seperate row\">\n    <div class=\"col-lg-4 col-md-12 clearfix\">\n        <ul class=\"slider-nav-thumbnails data_slick list-how\" data-slick='{\"infinite\": false, \"slidesToShow\": 3, \"slidesToScroll\": 1, \"asNavFor\": \".main-image-slider\", \"dots\": false, \"infinite\": false, \"arrows\": true, \"focusOnSelect\": true, \"vertical\": true, \"prevArrow\": \"<button type=\\\"button\\\" class=\\\"slick-prev\\\"><svg class=\\\"w-6 h-6 icon-16\\\" fill=\\\"none\\\" stroke=\\\"currentColor\\\" viewBox=\\\"0 0 24 24\\\" xmlns=\\\"http:\/\/www.w3.org\/2000\/svg\\\"><path stroke-linecap=\\\"round\\\" stroke-linejoin=\\\"round\\\" stroke-width=\\\"2\\\" d=\\\"M10 19l-7-7m0 0l7-7m-7 7h18\\\"><\/path><\/svg><\/button>\", \"nextArrow\": \"<button type=\\\"button\\\" class=\\\"slick-next\\\"><svg class=\\\"w-6 h-6 icon-16\\\" fill=\\\"none\\\" stroke=\\\"currentColor\\\" viewBox=\\\"0 0 24 24\\\" xmlns=\\\"http:\/\/www.w3.org\/2000\/svg\\\"><path stroke-linecap=\\\"round\\\" stroke-linejoin=\\\"round\\\" stroke-width=\\\"2\\\" d=\\\"M14 5l7 7m0 0l-7 7m7-7H3\\\"><\/path><\/svg><\/button>\" ,        \"responsive\": [        {            \"breakpoint\": 1024,            \"settings\": {                \"vertical\": false,                \"slidesToShow\": 2,                \"slidesToScroll\": 1            }        },        {            \"breakpoint\": 768,            \"settings\": {                \"vertical\": false,                \"slidesToShow\": 2,                \"slidesToScroll\": 1            }        },        {            \"breakpoint\": 480,            \"settings\": {                \"vertical\": false,                \"slidesToShow\": 1,                \"slidesToScroll\": 1            }        }    ]}'>\n                        <li class=\"nav-item\">\n                    <div class=\"s_tab_btn\">\n                                                 <div class=\"thumb_title\">\n\n                                                            <div class=\"font-20 mb_15 color-dark\"> Chauffeurs professionnels :<\/div>\n                                                                                        <p class=\"font-16 color-dark\"> Courtois, exp\u00e9riment\u00e9s et connaisseurs des meilleurs itin\u00e9raires, nos chauffeurs s&#039;assurent que vous atteignez votre destination en toute s\u00e9curit\u00e9 et \u00e0 l&#039;heure.<\/p>\n                                                      \n                        <\/div>\n                    <\/div>\n                <\/li>\n                        <li class=\"nav-item\">\n                    <div class=\"s_tab_btn\">\n                                                 <div class=\"thumb_title\">\n\n                                                            <div class=\"font-20 mb_15 color-dark\"> Voyager sans stress :<\/div>\n                                                                                        <p class=\"font-16 color-dark\"> \u00c9vitez les tracas des taxis et des transports en commun. Gr\u00e2ce \u00e0 notre service de r\u00e9servation, votre course est pr\u00eate quand vous l&#039;\u00eates.<\/p>\n                                                      \n                        <\/div>\n                    <\/div>\n                <\/li>\n                        <li class=\"nav-item\">\n                    <div class=\"s_tab_btn\">\n                                                 <div class=\"thumb_title\">\n\n                                                            <div class=\"font-20 mb_15 color-dark\"> Tarification transparente :<\/div>\n                                                                                        <p class=\"font-16 color-dark\"> Aucun frais cach\u00e9 ni mauvaise surprise. Profitez de tarifs comp\u00e9titifs pour un service haut de gamme.<\/p>\n                                                      \n                        <\/div>\n                    <\/div>\n                <\/li>\n                <\/ul>\n    <\/div> \n    <div class=\"col-lg-8 col-md-12\">\n        <div class=\"box-main-slider\">\n            <div class=\"main-image-slider data_slick\" data-slick='{\"slidesToShow\": 1, \"slidesToScroll\": 1, \"arrows\": false, \"infinite\": false, \"fade\": false, \"draggable\": false}'>\n                                    <div class=\"slidealong\">\n                        <div class=\"tab_content one align_default\">\n                            <div class=\"d_flex align-items-center\">\n                                                                    <div class=\"image-box position-relative\">\n                                        <img decoding=\"async\" src=\"https:\/\/limousineservices.be\/wp-content\/uploads\/2024\/12\/how_to_order_reservation.png\" class=\"img-fluid trans pnone\" alt=\"icon\" style=\"width:100%\" title=\"limousine belgique\">\n                                    \n                                                                                    <\/div>\n                                                                                            <\/div>\n                        <\/div>\n                    <\/div>\n                                    <div class=\"slidealong\">\n                        <div class=\"tab_content one align_default\">\n                            <div class=\"d_flex align-items-center\">\n                                                                    <div class=\"image-box position-relative\">\n                                        <img decoding=\"async\" src=\"https:\/\/limousineservices.be\/wp-content\/uploads\/2024\/12\/how_to_order_reservation.png\" class=\"img-fluid trans pnone\" alt=\"icon\" style=\"width:76%\" title=\"limousine belgique\">\n                                    \n                                                                                    <\/div>\n                                                                                            <\/div>\n                        <\/div>\n                    <\/div>\n                                    <div class=\"slidealong\">\n                        <div class=\"tab_content one align_default\">\n                            <div class=\"d_flex align-items-center\">\n                                                                    <div class=\"image-box position-relative\">\n                                        <img decoding=\"async\" src=\"https:\/\/limousineservices.be\/wp-content\/uploads\/2024\/12\/how_to_order_reservation.png\" class=\"img-fluid trans pnone\" alt=\"icon\" style=\"width:103%\" title=\"limousine belgique\">\n                                    \n                                                                                    <\/div>\n                                                                                            <\/div>\n                        <\/div>\n                    <\/div>\n                            <\/div>\n        <\/div>\n    <\/div>\n<\/section>\n\n\n\t\t\t\t<\/div>\n\t\t\t\t<\/div>\n\t\t\t\t\t<\/div>\n\t\t\t\t<\/div>\n\t\t\t\t<\/div>\n\t\t<div class=\"elementor-element elementor-element-fdde2fd e-flex e-con-boxed e-con e-parent\" data-id=\"fdde2fd\" data-element_type=\"container\" data-settings=\"{&quot;background_background&quot;:&quot;classic&quot;}\">\n\t\t\t\t\t<div class=\"e-con-inner\">\n\t\t\t\t<div class=\"elementor-element elementor-element-64ee2e5 elementor-widget elementor-widget-luxride-text-editor-v1\" data-id=\"64ee2e5\" data-element_type=\"widget\" data-widget_type=\"luxride-text-editor-v1.default\">\n\t\t\t\t<div class=\"elementor-widget-container\">\n\t\t\t\t\t        <div class=\"position-relative position_p_relative\">\r\n                R\u00e9servez votre trajet de luxe aujourd&#039;hui<br \/>\n\nD\u00e9couvrez le confort et l&#039;\u00e9l\u00e9gance de nos services de limousine. Que vous ayez besoin d&#039;un transfert a\u00e9roport, d&#039;un transport d&#039;affaires ou d&#039;une soir\u00e9e sp\u00e9ciale, Limousine Services Belgium est votre prestataire de r\u00e9f\u00e9rence pour des exp\u00e9riences de voyage exceptionnelles. Contactez-nous d\u00e8s maintenant pour r\u00e9server votre trajet et vivre une exp\u00e9rience de luxe in\u00e9dite.            <\/div>\r\n        \t\t\t\t<\/div>\n\t\t\t\t<\/div>\n\t\t\t\t\t<\/div>\n\t\t\t\t<\/div>\n\t\t\t\t<\/div>","protected":false},"excerpt":{"rendered":"<p>Brussels Airport Transfer &#8211; Zaventem &amp; Brussels South Charleroi Airport At Limousine Services Belgium, we understand that airport transfers require punctuality, reliability, and comfort. That\u2019s why we offer a premium airport transfer service designed to meet the highest standards of convenience and luxury. Whether you&#8217;re traveling for business or leisure, our fleet and chauffeurs are [&hellip;]<\/p>","protected":false},"author":1,"featured_media":0,"parent":0,"menu_order":0,"comment_status":"closed","ping_status":"open","template":"template-homepage.php","meta":{"footnotes":""},"class_list":["post-7806","page","type-page","status-publish","hentry"],"_links":{"self":[{"href":"https:\/\/limousineservices.be\/fr\/wp-json\/wp\/v2\/pages\/7806","targetHints":{"allow":["GET"]}}],"collection":[{"href":"https:\/\/limousineservices.be\/fr\/wp-json\/wp\/v2\/pages"}],"about":[{"href":"https:\/\/limousineservices.be\/fr\/wp-json\/wp\/v2\/types\/page"}],"author":[{"embeddable":true,"href":"https:\/\/limousineservices.be\/fr\/wp-json\/wp\/v2\/users\/1"}],"replies":[{"embeddable":true,"href":"https:\/\/limousineservices.be\/fr\/wp-json\/wp\/v2\/comments?post=7806"}],"version-history":[{"count":84,"href":"https:\/\/limousineservices.be\/fr\/wp-json\/wp\/v2\/pages\/7806\/revisions"}],"predecessor-version":[{"id":8397,"href":"https:\/\/limousineservices.be\/fr\/wp-json\/wp\/v2\/pages\/7806\/revisions\/8397"}],"wp:attachment":[{"href":"https:\/\/limousineservices.be\/fr\/wp-json\/wp\/v2\/media?parent=7806"}],"curies":[{"name":"wp","href":"https:\/\/api.w.org\/{rel}","templated":true}]}}