{"id":7892,"date":"2025-01-21T16:04:38","date_gmt":"2025-01-21T16:04:38","guid":{"rendered":"https:\/\/limousineservices.be\/?page_id=7892"},"modified":"2025-01-22T16:15:15","modified_gmt":"2025-01-22T16:15:15","slug":"gallery","status":"publish","type":"page","link":"https:\/\/limousineservices.be\/fr\/gallery\/","title":{"rendered":"Galerie"},"content":{"rendered":"<div data-elementor-type=\"wp-page\" data-elementor-id=\"7892\" class=\"elementor elementor-7892\">\n\t\t\t\t<div class=\"elementor-element elementor-element-58a8393 e-flex e-con-boxed e-con e-parent\" data-id=\"58a8393\" data-element_type=\"container\" data-settings=\"{&quot;background_background&quot;:&quot;classic&quot;}\">\n\t\t\t\t\t<div class=\"e-con-inner\">\n\t\t\t\t<div class=\"elementor-element elementor-element-638f461 elementor-widget elementor-widget-luxride-title-v1\" data-id=\"638f461\" data-element_type=\"widget\" data-widget_type=\"luxride-title-v1.default\">\n\t\t\t\t<div class=\"elementor-widget-container\">\n\t\t\t\t\t \r\n<div class=\"title_all_box style_one dark_color\">\r\n            <div class=\"font-16 color-dark mb_20 d-inline-block\">  \r\n                    <i class=\"\"><\/i>\r\n                        Mercedes VAN Classe Maybach \r\n        <\/div>\r\n                <h2 class=\"font-44 mb_15\">Choisissez votre flotte<\/h2>\r\n                <p class=\"text-16 color-dark mb_0\">Sorem ipsum dolor sit amet consectetur adipiscing elit sed do eiusmod tempor incididunt ut labore et dolore magna aliqua. Quis ipsum suspendisse ultrices gravida. Risus commodo vive maecenas accumsan lacus vel facilisis.<\/p>\r\n    <\/div>\r\n\t\t\t\t<\/div>\n\t\t\t\t<\/div>\n\t\t\t\t\t<\/div>\n\t\t\t\t<\/div>\n\t\t<div class=\"elementor-element elementor-element-adf5105 e-flex e-con-boxed e-con e-parent\" data-id=\"adf5105\" data-element_type=\"container\" data-settings=\"{&quot;background_background&quot;:&quot;classic&quot;}\">\n\t\t\t\t\t<div class=\"e-con-inner\">\n\t\t<div class=\"elementor-element elementor-element-8f71e84 e-con-full e-flex e-con e-child\" data-id=\"8f71e84\" data-element_type=\"container\">\n\t\t\t\t<div class=\"elementor-element elementor-element-86ab57f elementor-invisible elementor-widget elementor-widget-image\" data-id=\"86ab57f\" data-element_type=\"widget\" data-settings=\"{&quot;_animation&quot;:&quot;fadeInUp&quot;}\" data-widget_type=\"image.default\">\n\t\t\t\t<div class=\"elementor-widget-container\">\n\t\t\t\t\t\t\t\t\t\t\t\t\t\t\t<img fetchpriority=\"high\" decoding=\"async\" width=\"819\" height=\"1024\" src=\"https:\/\/limousineservices.be\/wp-content\/uploads\/2025\/01\/WhatsApp-Image-2025-01-02-at-14.35.50-819x1024.jpeg\" class=\"attachment-large size-large wp-image-7915\" alt=\"limousine belgium\" srcset=\"https:\/\/limousineservices.be\/wp-content\/uploads\/2025\/01\/WhatsApp-Image-2025-01-02-at-14.35.50-819x1024.jpeg 819w, https:\/\/limousineservices.be\/wp-content\/uploads\/2025\/01\/WhatsApp-Image-2025-01-02-at-14.35.50-240x300.jpeg 240w, https:\/\/limousineservices.be\/wp-content\/uploads\/2025\/01\/WhatsApp-Image-2025-01-02-at-14.35.50-768x960.jpeg 768w, https:\/\/limousineservices.be\/wp-content\/uploads\/2025\/01\/WhatsApp-Image-2025-01-02-at-14.35.50-1229x1536.jpeg 1229w, https:\/\/limousineservices.be\/wp-content\/uploads\/2025\/01\/WhatsApp-Image-2025-01-02-at-14.35.50.jpeg 1638w\" sizes=\"(max-width: 819px) 100vw, 819px\" title=\"limousine belgique\">\t\t\t\t\t\t\t\t\t\t\t\t\t\t\t<\/div>\n\t\t\t\t<\/div>\n\t\t\t\t<\/div>\n\t\t<div class=\"elementor-element elementor-element-cb4be7d e-con-full e-flex e-con e-child\" data-id=\"cb4be7d\" data-element_type=\"container\">\n\t\t\t\t<div class=\"elementor-element elementor-element-1f23a2a elementor-invisible elementor-widget elementor-widget-image-gallery\" data-id=\"1f23a2a\" data-element_type=\"widget\" data-settings=\"{&quot;_animation&quot;:&quot;fadeIn&quot;,&quot;_animation_delay&quot;:1000}\" data-widget_type=\"image-gallery.default\">\n\t\t\t\t<div class=\"elementor-widget-container\">\n\t\t\t\t\t\t\t<div class=\"elementor-image-gallery\">\n\t\t\t<div id='gallery-1' class='gallery galleryid-7892 gallery-columns-2 gallery-size-medium_large'><figure class='gallery-item'>\n\t\t\t<div class='gallery-icon portrait'>\n\t\t\t\t<a data-elementor-open-lightbox=\"yes\" data-elementor-lightbox-slideshow=\"1f23a2a\" data-elementor-lightbox-title=\"Mayback - Airport Transfer in Belgium\" data-e-action-hash=\"#elementor-action%3Aaction%3Dlightbox%26settings%3DeyJpZCI6NzkxNiwidXJsIjoiaHR0cHM6XC9cL2xpbW91c2luZXNlcnZpY2VzLmJlXC93cC1jb250ZW50XC91cGxvYWRzXC8yMDI1XC8wMVwvV2hhdHNBcHAtSW1hZ2UtMjAyNS0wMS0wMi1hdC0xNC4zNS41Mi5qcGVnIiwic2xpZGVzaG93IjoiMWYyM2EyYSJ9\" href='https:\/\/limousineservices.be\/wp-content\/uploads\/2025\/01\/WhatsApp-Image-2025-01-02-at-14.35.52.jpeg'><img decoding=\"async\" width=\"768\" height=\"960\" src=\"https:\/\/limousineservices.be\/wp-content\/uploads\/2025\/01\/WhatsApp-Image-2025-01-02-at-14.35.52-768x960.jpeg\" class=\"attachment-medium_large size-medium_large\" alt=\"limousine belgium\" srcset=\"https:\/\/limousineservices.be\/wp-content\/uploads\/2025\/01\/WhatsApp-Image-2025-01-02-at-14.35.52-768x960.jpeg 768w, https:\/\/limousineservices.be\/wp-content\/uploads\/2025\/01\/WhatsApp-Image-2025-01-02-at-14.35.52-240x300.jpeg 240w, https:\/\/limousineservices.be\/wp-content\/uploads\/2025\/01\/WhatsApp-Image-2025-01-02-at-14.35.52-819x1024.jpeg 819w, https:\/\/limousineservices.be\/wp-content\/uploads\/2025\/01\/WhatsApp-Image-2025-01-02-at-14.35.52-1229x1536.jpeg 1229w, https:\/\/limousineservices.be\/wp-content\/uploads\/2025\/01\/WhatsApp-Image-2025-01-02-at-14.35.52.jpeg 1638w\" sizes=\"(max-width: 768px) 100vw, 768px\" title=\"limousine belgique\"><\/a>\n\t\t\t<\/div><\/figure><figure class='gallery-item'>\n\t\t\t<div class='gallery-icon portrait'>\n\t\t\t\t<a data-elementor-open-lightbox=\"yes\" data-elementor-lightbox-slideshow=\"1f23a2a\" data-elementor-lightbox-title=\"Mayback - Airport Transfer in Belgium\" data-e-action-hash=\"#elementor-action%3Aaction%3Dlightbox%26settings%3DeyJpZCI6NzkxMCwidXJsIjoiaHR0cHM6XC9cL2xpbW91c2luZXNlcnZpY2VzLmJlXC93cC1jb250ZW50XC91cGxvYWRzXC8yMDI1XC8wMVwvV2hhdHNBcHAtSW1hZ2UtMjAyNS0wMS0wMi1hdC0xNC4zNi4wMi0xLmpwZWciLCJzbGlkZXNob3ciOiIxZjIzYTJhIn0%3D\" href='https:\/\/limousineservices.be\/wp-content\/uploads\/2025\/01\/WhatsApp-Image-2025-01-02-at-14.36.02-1.jpeg'><img decoding=\"async\" width=\"768\" height=\"960\" src=\"https:\/\/limousineservices.be\/wp-content\/uploads\/2025\/01\/WhatsApp-Image-2025-01-02-at-14.36.02-1-768x960.jpeg\" class=\"attachment-medium_large size-medium_large\" alt=\"limousine belgium\" srcset=\"https:\/\/limousineservices.be\/wp-content\/uploads\/2025\/01\/WhatsApp-Image-2025-01-02-at-14.36.02-1-768x960.jpeg 768w, https:\/\/limousineservices.be\/wp-content\/uploads\/2025\/01\/WhatsApp-Image-2025-01-02-at-14.36.02-1-240x300.jpeg 240w, https:\/\/limousineservices.be\/wp-content\/uploads\/2025\/01\/WhatsApp-Image-2025-01-02-at-14.36.02-1-819x1024.jpeg 819w, https:\/\/limousineservices.be\/wp-content\/uploads\/2025\/01\/WhatsApp-Image-2025-01-02-at-14.36.02-1-1229x1536.jpeg 1229w, https:\/\/limousineservices.be\/wp-content\/uploads\/2025\/01\/WhatsApp-Image-2025-01-02-at-14.36.02-1.jpeg 1638w\" sizes=\"(max-width: 768px) 100vw, 768px\" title=\"limousine belgique\"><\/a>\n\t\t\t<\/div><\/figure><figure class='gallery-item'>\n\t\t\t<div class='gallery-icon portrait'>\n\t\t\t\t<a data-elementor-open-lightbox=\"yes\" data-elementor-lightbox-slideshow=\"1f23a2a\" data-elementor-lightbox-title=\"Mayback - Airport Transfer in Belgium\" data-e-action-hash=\"#elementor-action%3Aaction%3Dlightbox%26settings%3DeyJpZCI6NzkwOSwidXJsIjoiaHR0cHM6XC9cL2xpbW91c2luZXNlcnZpY2VzLmJlXC93cC1jb250ZW50XC91cGxvYWRzXC8yMDI1XC8wMVwvV2hhdHNBcHAtSW1hZ2UtMjAyNS0wMS0wMi1hdC0xNC4zNi4wMi0yLmpwZWciLCJzbGlkZXNob3ciOiIxZjIzYTJhIn0%3D\" href='https:\/\/limousineservices.be\/wp-content\/uploads\/2025\/01\/WhatsApp-Image-2025-01-02-at-14.36.02-2.jpeg'><img loading=\"lazy\" decoding=\"async\" width=\"768\" height=\"960\" src=\"https:\/\/limousineservices.be\/wp-content\/uploads\/2025\/01\/WhatsApp-Image-2025-01-02-at-14.36.02-2-768x960.jpeg\" class=\"attachment-medium_large size-medium_large\" alt=\"limousine belgium\" srcset=\"https:\/\/limousineservices.be\/wp-content\/uploads\/2025\/01\/WhatsApp-Image-2025-01-02-at-14.36.02-2-768x960.jpeg 768w, https:\/\/limousineservices.be\/wp-content\/uploads\/2025\/01\/WhatsApp-Image-2025-01-02-at-14.36.02-2-240x300.jpeg 240w, https:\/\/limousineservices.be\/wp-content\/uploads\/2025\/01\/WhatsApp-Image-2025-01-02-at-14.36.02-2-819x1024.jpeg 819w, https:\/\/limousineservices.be\/wp-content\/uploads\/2025\/01\/WhatsApp-Image-2025-01-02-at-14.36.02-2-1229x1536.jpeg 1229w, https:\/\/limousineservices.be\/wp-content\/uploads\/2025\/01\/WhatsApp-Image-2025-01-02-at-14.36.02-2.jpeg 1638w\" sizes=\"(max-width: 768px) 100vw, 768px\" title=\"limousine belgique\"><\/a>\n\t\t\t<\/div><\/figure><figure class='gallery-item'>\n\t\t\t<div class='gallery-icon portrait'>\n\t\t\t\t<a data-elementor-open-lightbox=\"yes\" data-elementor-lightbox-slideshow=\"1f23a2a\" data-elementor-lightbox-title=\"Mayback - Airport Transfer in Belgium\" data-e-action-hash=\"#elementor-action%3Aaction%3Dlightbox%26settings%3DeyJpZCI6NzkxMywidXJsIjoiaHR0cHM6XC9cL2xpbW91c2luZXNlcnZpY2VzLmJlXC93cC1jb250ZW50XC91cGxvYWRzXC8yMDI1XC8wMVwvV2hhdHNBcHAtSW1hZ2UtMjAyNS0wMS0wMi1hdC0xNC4zNS41NS5qcGVnIiwic2xpZGVzaG93IjoiMWYyM2EyYSJ9\" href='https:\/\/limousineservices.be\/wp-content\/uploads\/2025\/01\/WhatsApp-Image-2025-01-02-at-14.35.55.jpeg'><img loading=\"lazy\" decoding=\"async\" width=\"768\" height=\"1151\" src=\"https:\/\/limousineservices.be\/wp-content\/uploads\/2025\/01\/WhatsApp-Image-2025-01-02-at-14.35.55-768x1151.jpeg\" class=\"attachment-medium_large size-medium_large\" alt=\"limousine belgium\" srcset=\"https:\/\/limousineservices.be\/wp-content\/uploads\/2025\/01\/WhatsApp-Image-2025-01-02-at-14.35.55-768x1151.jpeg 768w, https:\/\/limousineservices.be\/wp-content\/uploads\/2025\/01\/WhatsApp-Image-2025-01-02-at-14.35.55-200x300.jpeg 200w, https:\/\/limousineservices.be\/wp-content\/uploads\/2025\/01\/WhatsApp-Image-2025-01-02-at-14.35.55-683x1024.jpeg 683w, https:\/\/limousineservices.be\/wp-content\/uploads\/2025\/01\/WhatsApp-Image-2025-01-02-at-14.35.55-1025x1536.jpeg 1025w, https:\/\/limousineservices.be\/wp-content\/uploads\/2025\/01\/WhatsApp-Image-2025-01-02-at-14.35.55.jpeg 1366w\" sizes=\"(max-width: 768px) 100vw, 768px\" title=\"limousine belgique\"><\/a>\n\t\t\t<\/div><\/figure>\n\t\t<\/div>\n\t\t<\/div>\n\t\t\t\t\t\t<\/div>\n\t\t\t\t<\/div>\n\t\t\t\t<\/div>\n\t\t\t\t\t<\/div>\n\t\t\t\t<\/div>\n\t\t<div class=\"elementor-element elementor-element-7d6b7038 e-con-full e-flex e-con e-parent\" data-id=\"7d6b7038\" data-element_type=\"container\" data-settings=\"{&quot;background_background&quot;:&quot;classic&quot;}\">\n\t\t<div class=\"elementor-element elementor-element-7c97b3f3 e-flex e-con-boxed e-con e-child\" data-id=\"7c97b3f3\" data-element_type=\"container\">\n\t\t\t\t\t<div class=\"e-con-inner\">\n\t\t\t\t<div class=\"elementor-element elementor-element-51222165 elementor-invisible elementor-widget elementor-widget-luxride-title-v1\" data-id=\"51222165\" data-element_type=\"widget\" data-settings=\"{&quot;_animation&quot;:&quot;fadeInUp&quot;}\" data-widget_type=\"luxride-title-v1.default\">\n\t\t\t\t<div class=\"elementor-widget-container\">\n\t\t\t\t\t \r\n<div class=\"title_all_box style_one dark_color\">\r\n                <h2 class=\"font-44 mb_15\">Pourquoi choisir nos transferts a\u00e9roport ?<\/h2>\r\n        <\/div>\r\n\t\t\t\t<\/div>\n\t\t\t\t<\/div>\n\t\t\t\t\t<\/div>\n\t\t\t\t<\/div>\n\t\t<div class=\"elementor-element elementor-element-b389bb9 e-flex e-con-boxed e-con e-child\" data-id=\"b389bb9\" data-element_type=\"container\" data-settings=\"{&quot;background_background&quot;:&quot;classic&quot;}\">\n\t\t\t\t\t<div class=\"e-con-inner\">\n\t\t\t\t<div class=\"elementor-element elementor-element-20a38cd5 elementor-invisible elementor-widget elementor-widget-luxride-tab-with-content-v1\" data-id=\"20a38cd5\" data-element_type=\"widget\" data-settings=\"{&quot;_animation&quot;:&quot;fadeInUp&quot;}\" data-widget_type=\"luxride-tab-with-content-v1.default\">\n\t\t\t\t<div class=\"elementor-widget-container\">\n\t\t\t\t\t <section class=\"tabwithcontent style_one version_white row_seperate row\">\n    <div class=\"col-lg-4 col-md-12 clearfix\">\n        <ul class=\"slider-nav-thumbnails data_slick list-how\" data-slick='{\"infinite\": false, \"slidesToShow\": 3, \"slidesToScroll\": 1, \"asNavFor\": \".main-image-slider\", \"dots\": false, \"infinite\": false, \"arrows\": true, \"focusOnSelect\": true, \"vertical\": true, \"prevArrow\": \"<button type=\\\"button\\\" class=\\\"slick-prev\\\"><svg class=\\\"w-6 h-6 icon-16\\\" fill=\\\"none\\\" stroke=\\\"currentColor\\\" viewBox=\\\"0 0 24 24\\\" xmlns=\\\"http:\/\/www.w3.org\/2000\/svg\\\"><path stroke-linecap=\\\"round\\\" stroke-linejoin=\\\"round\\\" stroke-width=\\\"2\\\" d=\\\"M10 19l-7-7m0 0l7-7m-7 7h18\\\"><\/path><\/svg><\/button>\", \"nextArrow\": \"<button type=\\\"button\\\" class=\\\"slick-next\\\"><svg class=\\\"w-6 h-6 icon-16\\\" fill=\\\"none\\\" stroke=\\\"currentColor\\\" viewBox=\\\"0 0 24 24\\\" xmlns=\\\"http:\/\/www.w3.org\/2000\/svg\\\"><path stroke-linecap=\\\"round\\\" stroke-linejoin=\\\"round\\\" stroke-width=\\\"2\\\" d=\\\"M14 5l7 7m0 0l-7 7m7-7H3\\\"><\/path><\/svg><\/button>\" ,        \"responsive\": [        {            \"breakpoint\": 1024,            \"settings\": {                \"vertical\": false,                \"slidesToShow\": 2,                \"slidesToScroll\": 1            }        },        {            \"breakpoint\": 768,            \"settings\": {                \"vertical\": false,                \"slidesToShow\": 2,                \"slidesToScroll\": 1            }        },        {            \"breakpoint\": 480,            \"settings\": {                \"vertical\": false,                \"slidesToShow\": 1,                \"slidesToScroll\": 1            }        }    ]}'>\n                        <li class=\"nav-item\">\n                    <div class=\"s_tab_btn\">\n                                                 <div class=\"thumb_title\">\n\n                                                            <div class=\"font-20 mb_15 color-dark\"> Chauffeurs professionnels :<\/div>\n                                                                                        <p class=\"font-16 color-dark\"> Courtois, exp\u00e9riment\u00e9s et connaisseurs des meilleurs itin\u00e9raires, nos chauffeurs s&#039;assurent que vous atteignez votre destination en toute s\u00e9curit\u00e9 et \u00e0 l&#039;heure.<\/p>\n                                                      \n                        <\/div>\n                    <\/div>\n                <\/li>\n                        <li class=\"nav-item\">\n                    <div class=\"s_tab_btn\">\n                                                 <div class=\"thumb_title\">\n\n                                                            <div class=\"font-20 mb_15 color-dark\"> Voyager sans stress :<\/div>\n                                                                                        <p class=\"font-16 color-dark\"> \u00c9vitez les tracas des taxis et des transports en commun. Gr\u00e2ce \u00e0 notre service de r\u00e9servation, votre course est pr\u00eate quand vous l&#039;\u00eates.<\/p>\n                                                      \n                        <\/div>\n                    <\/div>\n                <\/li>\n                        <li class=\"nav-item\">\n                    <div class=\"s_tab_btn\">\n                                                 <div class=\"thumb_title\">\n\n                                                            <div class=\"font-20 mb_15 color-dark\"> Tarification transparente :<\/div>\n                                                                                        <p class=\"font-16 color-dark\"> Aucun frais cach\u00e9 ni mauvaise surprise. Profitez de tarifs comp\u00e9titifs pour un service haut de gamme.<\/p>\n                                                      \n                        <\/div>\n                    <\/div>\n                <\/li>\n                <\/ul>\n    <\/div> \n    <div class=\"col-lg-8 col-md-12\">\n        <div class=\"box-main-slider\">\n            <div class=\"main-image-slider data_slick\" data-slick='{\"slidesToShow\": 1, \"slidesToScroll\": 1, \"arrows\": false, \"infinite\": false, \"fade\": false, \"draggable\": false}'>\n                                    <div class=\"slidealong\">\n                        <div class=\"tab_content one align_default\">\n                            <div class=\"d_flex align-items-center\">\n                                                                    <div class=\"image-box position-relative\">\n                                        <img decoding=\"async\" src=\"https:\/\/limousineservices.be\/wp-content\/uploads\/2024\/12\/how_to_order_reservation.png\" class=\"img-fluid trans pnone\" alt=\"icon\" style=\"width:100%\" title=\"limousine belgique\">\n                                    \n                                                                                    <\/div>\n                                                                                            <\/div>\n                        <\/div>\n                    <\/div>\n                                    <div class=\"slidealong\">\n                        <div class=\"tab_content one align_default\">\n                            <div class=\"d_flex align-items-center\">\n                                                                    <div class=\"image-box position-relative\">\n                                        <img decoding=\"async\" src=\"https:\/\/limousineservices.be\/wp-content\/uploads\/2024\/12\/how_to_order_reservation.png\" class=\"img-fluid trans pnone\" alt=\"icon\" style=\"width:76%\" title=\"limousine belgique\">\n                                    \n                                                                                    <\/div>\n                                                                                            <\/div>\n                        <\/div>\n                    <\/div>\n                                    <div class=\"slidealong\">\n                        <div class=\"tab_content one align_default\">\n                            <div class=\"d_flex align-items-center\">\n                                                                    <div class=\"image-box position-relative\">\n                                        <img decoding=\"async\" src=\"https:\/\/limousineservices.be\/wp-content\/uploads\/2024\/12\/how_to_order_reservation.png\" class=\"img-fluid trans pnone\" alt=\"icon\" style=\"width:103%\" title=\"limousine belgique\">\n                                    \n                                                                                    <\/div>\n                                                                                            <\/div>\n                        <\/div>\n                    <\/div>\n                            <\/div>\n        <\/div>\n    <\/div>\n<\/section>\n\n\n\t\t\t\t<\/div>\n\t\t\t\t<\/div>\n\t\t\t\t\t<\/div>\n\t\t\t\t<\/div>\n\t\t\t\t<\/div>\n\t\t<div class=\"elementor-element elementor-element-fdde2fd e-flex e-con-boxed e-con e-parent\" data-id=\"fdde2fd\" data-element_type=\"container\" data-settings=\"{&quot;background_background&quot;:&quot;classic&quot;}\">\n\t\t\t\t\t<div class=\"e-con-inner\">\n\t\t\t\t<div class=\"elementor-element elementor-element-64ee2e5 elementor-widget elementor-widget-luxride-text-editor-v1\" data-id=\"64ee2e5\" data-element_type=\"widget\" data-widget_type=\"luxride-text-editor-v1.default\">\n\t\t\t\t<div class=\"elementor-widget-container\">\n\t\t\t\t\t        <div class=\"position-relative position_p_relative\">\r\n                R\u00e9servez votre trajet de luxe aujourd&#039;hui<br \/>\n\nD\u00e9couvrez le confort et l&#039;\u00e9l\u00e9gance de nos services de limousine. Que vous ayez besoin d&#039;un transfert a\u00e9roport, d&#039;un transport d&#039;affaires ou d&#039;une soir\u00e9e sp\u00e9ciale, Limousine Services Belgium est votre prestataire de r\u00e9f\u00e9rence pour des exp\u00e9riences de voyage exceptionnelles. Contactez-nous d\u00e8s maintenant pour r\u00e9server votre trajet et vivre une exp\u00e9rience de luxe in\u00e9dite.            <\/div>\r\n        \t\t\t\t<\/div>\n\t\t\t\t<\/div>\n\t\t\t\t\t<\/div>\n\t\t\t\t<\/div>\n\t\t\t\t<\/div>","protected":false},"excerpt":{"rendered":"<p>Mercedes VAN Maybach Class Choose Your Fleet Sorem ipsum dolor sit amet consectetur adipiscing elit sed do eiusmod tempor incididunt ut labore et dolore magna aliqua. Quis ipsum suspendisse ultrices gravida. Risus commodo vive maecenas accumsan lacus vel facilisis. Why Airport Transfers with Us?<\/p>","protected":false},"author":1,"featured_media":0,"parent":0,"menu_order":0,"comment_status":"closed","ping_status":"open","template":"template-homepage.php","meta":{"footnotes":""},"class_list":["post-7892","page","type-page","status-publish","hentry"],"_links":{"self":[{"href":"https:\/\/limousineservices.be\/fr\/wp-json\/wp\/v2\/pages\/7892","targetHints":{"allow":["GET"]}}],"collection":[{"href":"https:\/\/limousineservices.be\/fr\/wp-json\/wp\/v2\/pages"}],"about":[{"href":"https:\/\/limousineservices.be\/fr\/wp-json\/wp\/v2\/types\/page"}],"author":[{"embeddable":true,"href":"https:\/\/limousineservices.be\/fr\/wp-json\/wp\/v2\/users\/1"}],"replies":[{"embeddable":true,"href":"https:\/\/limousineservices.be\/fr\/wp-json\/wp\/v2\/comments?post=7892"}],"version-history":[{"count":22,"href":"https:\/\/limousineservices.be\/fr\/wp-json\/wp\/v2\/pages\/7892\/revisions"}],"predecessor-version":[{"id":8160,"href":"https:\/\/limousineservices.be\/fr\/wp-json\/wp\/v2\/pages\/7892\/revisions\/8160"}],"wp:attachment":[{"href":"https:\/\/limousineservices.be\/fr\/wp-json\/wp\/v2\/media?parent=7892"}],"curies":[{"name":"wp","href":"https:\/\/api.w.org\/{rel}","templated":true}]}}